{"id":25525,"date":"2023-08-29T08:28:17","date_gmt":"2023-08-29T08:28:17","guid":{"rendered":"https:\/\/rovensanext-mena.com\/mesaj-gonderildi\/"},"modified":"2023-08-29T08:28:17","modified_gmt":"2023-08-29T08:28:17","slug":"mesaj-gonderildi","status":"publish","type":"page","link":"https:\/\/www.rovensanext-mena.com\/tr\/mesaj-gonderildi\/","title":{"rendered":"Mesaj g\u00f6nderildi"},"content":{"rendered":"\t\t<div data-elementor-type=\"wp-page\" data-elementor-id=\"25525\" class=\"elementor elementor-25525 elementor-13863\" data-elementor-post-type=\"page\">\n\t\t\t\t<div class=\"elementor-element elementor-element-fc69d80 e-con-full e-flex e-con e-parent\" data-id=\"fc69d80\" data-element_type=\"container\" data-settings=\"{&quot;background_background&quot;:&quot;classic&quot;}\">\n\t\t\t\t<div class=\"elementor-element elementor-element-f1a4141 elementor-widget elementor-widget-html\" data-id=\"f1a4141\" data-element_type=\"widget\" data-widget_type=\"html.default\">\n\t\t\t\t<div class=\"elementor-widget-container\">\n\t\t\t\t\t<script>document.addEventListener(\"DOMContentLoaded\", function() {\n    \/\/ Obtener el bot\u00f3n por su ID\n    var backButton = document.getElementById(\"country_back_btn\");\n    backButton.style.cursor = \"pointer\";\n\n    \/\/ Agregar un evento de clic al bot\u00f3n\n    backButton.addEventListener(\"click\", function() {\n        console.log(\"ok\")\n      \/\/ Retroceder en la ventana del navegador\n      window.history.back();\n    });\n  });\n<\/script>\t\t\t\t<\/div>\n\t\t\t\t<\/div>\n\t\t<div class=\"elementor-element elementor-element-dfd2507 e-flex e-con-boxed e-con e-parent\" data-id=\"dfd2507\" data-element_type=\"container\">\n\t\t\t\t\t<div class=\"e-con-inner\">\n\t\t<div class=\"elementor-element elementor-element-aed9913 e-con-full e-flex e-con e-parent\" data-id=\"aed9913\" data-element_type=\"container\" data-settings=\"{&quot;background_background&quot;:&quot;classic&quot;}\">\n\t\t<div class=\"elementor-element elementor-element-ea5519b e-con-full e-flex e-con e-parent\" data-id=\"ea5519b\" data-element_type=\"container\">\n\t\t<div class=\"elementor-element elementor-element-e4043a7 e-con-full e-flex e-con e-parent\" data-id=\"e4043a7\" data-element_type=\"container\">\n\t\t\t\t<div class=\"elementor-element elementor-element-dc21c21 elementor-view-default elementor-widget elementor-widget-icon\" data-id=\"dc21c21\" data-element_type=\"widget\" id=\"country_back_btn\" data-widget_type=\"icon.default\">\n\t\t\t\t<div class=\"elementor-widget-container\">\n\t\t\t\t\t\t\t<div class=\"elementor-icon-wrapper\">\n\t\t\t<div class=\"elementor-icon\">\n\t\t\t<svg aria-hidden=\"true\" class=\"e-font-icon-svg e-fas-times\" viewBox=\"0 0 352 512\" xmlns=\"http:\/\/www.w3.org\/2000\/svg\"><path d=\"M242.72 256l100.07-100.07c12.28-12.28 12.28-32.19 0-44.48l-22.24-22.24c-12.28-12.28-32.19-12.28-44.48 0L176 189.28 75.93 89.21c-12.28-12.28-32.19-12.28-44.48 0L9.21 111.45c-12.28 12.28-12.28 32.19 0 44.48L109.28 256 9.21 356.07c-12.28 12.28-12.28 32.19 0 44.48l22.24 22.24c12.28 12.28 32.2 12.28 44.48 0L176 322.72l100.07 100.07c12.28 12.28 32.2 12.28 44.48 0l22.24-22.24c12.28-12.28 12.28-32.19 0-44.48L242.72 256z\"><\/path><\/svg>\t\t\t<\/div>\n\t\t<\/div>\n\t\t\t\t\t\t<\/div>\n\t\t\t\t<\/div>\n\t\t\t\t<\/div>\n\t\t\t\t<\/div>\n\t\t<div class=\"elementor-element elementor-element-a887b22 e-con-full e-flex e-con e-parent\" data-id=\"a887b22\" data-element_type=\"container\">\n\t\t<div class=\"elementor-element elementor-element-f6a6a14 e-con-full e-flex e-con e-parent\" data-id=\"f6a6a14\" data-element_type=\"container\" data-settings=\"{&quot;background_background&quot;:&quot;classic&quot;}\">\n\t\t<div class=\"elementor-element elementor-element-1665b0e e-con-full e-flex e-con e-parent\" data-id=\"1665b0e\" data-element_type=\"container\">\n\t\t\t\t<div class=\"elementor-element elementor-element-e1b3177 elementor-widget elementor-widget-image\" data-id=\"e1b3177\" data-element_type=\"widget\" data-widget_type=\"image.default\">\n\t\t\t\t<div class=\"elementor-widget-container\">\n\t\t\t\t\t\t\t\t\t\t\t\t\t\t\t<img decoding=\"async\" width=\"135\" height=\"155\" src=\"https:\/\/www.rovensanext-mena.com\/wp-content\/uploads\/2023\/07\/okMessage2.png\" class=\"attachment-full size-full wp-image-25103\" alt=\"\" \/>\t\t\t\t\t\t\t\t\t\t\t\t\t\t\t<\/div>\n\t\t\t\t<\/div>\n\t\t\t\t<\/div>\n\t\t\t\t<div class=\"elementor-element elementor-element-28d89fd elementor-widget elementor-widget-heading\" data-id=\"28d89fd\" data-element_type=\"widget\" data-widget_type=\"heading.default\">\n\t\t\t\t<div class=\"elementor-widget-container\">\n\t\t\t\t\t<span class=\"elementor-heading-title elementor-size-default\">Sorgunuzu ald\u0131k<\/span>\t\t\t\t<\/div>\n\t\t\t\t<\/div>\n\t\t\t\t<div class=\"elementor-element elementor-element-7a9890b elementor-widget elementor-widget-heading\" data-id=\"7a9890b\" data-element_type=\"widget\" data-widget_type=\"heading.default\">\n\t\t\t\t<div class=\"elementor-widget-container\">\n\t\t\t\t\t<p class=\"elementor-heading-title elementor-size-default\">\u0130leti\u015fime ge\u00e7ti\u011finiz i\u00e7in te\u015fekk\u00fcr ederiz. Talebinizi ald\u0131k ve m\u00fcmk\u00fcn olan en k\u0131sa s\u00fcrede size geri d\u00f6nece\u011fiz.\n<\/p>\t\t\t\t<\/div>\n\t\t\t\t<\/div>\n\t\t\t\t<div class=\"elementor-element elementor-element-fc380d6 elementor-widget__width-auto animated-fast elementor-hidden-desktop elementor-hidden-laptop elementor-hidden-tablet elementor-hidden-mobile elementor-invisible elementor-widget elementor-widget-button\" data-id=\"fc380d6\" data-element_type=\"widget\" id=\"country_back_btn\" data-settings=\"{&quot;_animation&quot;:&quot;fadeIn&quot;}\" data-widget_type=\"button.default\">\n\t\t\t\t<div class=\"elementor-widget-container\">\n\t\t\t\t\t\t\t\t\t<div class=\"elementor-button-wrapper\">\n\t\t\t\t\t<a class=\"elementor-button elementor-size-xl elementor-animation-push\" role=\"button\">\n\t\t\t\t\t\t<span class=\"elementor-button-content-wrapper\">\n\t\t\t\t\t\t<span class=\"elementor-button-icon\">\n\t\t\t\t<svg aria-hidden=\"true\" class=\"e-font-icon-svg e-fas-long-arrow-alt-left\" viewBox=\"0 0 448 512\" xmlns=\"http:\/\/www.w3.org\/2000\/svg\"><path d=\"M134.059 296H436c6.627 0 12-5.373 12-12v-56c0-6.627-5.373-12-12-12H134.059v-46.059c0-21.382-25.851-32.09-40.971-16.971L7.029 239.029c-9.373 9.373-9.373 24.569 0 33.941l86.059 86.059c15.119 15.119 40.971 4.411 40.971-16.971V296z\"><\/path><\/svg>\t\t\t<\/span>\n\t\t\t\t\t\t\t\t\t<span class=\"elementor-button-text\">S\u0131rt s\u0131rta<\/span>\n\t\t\t\t\t<\/span>\n\t\t\t\t\t<\/a>\n\t\t\t\t<\/div>\n\t\t\t\t\t\t\t\t<\/div>\n\t\t\t\t<\/div>\n\t\t\t\t<\/div>\n\t\t\t\t<\/div>\n\t\t\t\t<\/div>\n\t\t\t\t\t<\/div>\n\t\t\t\t<\/div>\n\t\t\t\t<\/div>\n\t\t\t\t<\/div>\n\t\t","protected":false},"excerpt":{"rendered":"<p>Sorgunuzu ald\u0131k \u0130leti\u015fime ge\u00e7ti\u011finiz i\u00e7in te\u015fekk\u00fcr ederiz. Talebinizi ald\u0131k ve m\u00fcmk\u00fcn olan en k\u0131sa s\u00fcrede size geri d\u00f6nece\u011fiz. S\u0131rt s\u0131rta<\/p>\n","protected":false},"author":2,"featured_media":0,"parent":0,"menu_order":0,"comment_status":"closed","ping_status":"closed","template":"elementor_canvas","meta":{"footnotes":""},"categories":[],"tags":[],"class_list":["post-25525","page","type-page","status-publish","hentry"],"yoast_head":"<!-- This site is optimized with the Yoast SEO plugin v26.2 - https:\/\/yoast.com\/wordpress\/plugins\/seo\/ -->\n<title>Mesaj g\u00f6nderildi | Rovensa Next MENA<\/title>\n<meta name=\"robots\" content=\"noindex, nofollow\" \/>\n<meta property=\"og:locale\" content=\"tr_TR\" \/>\n<meta property=\"og:type\" content=\"article\" \/>\n<meta property=\"og:title\" content=\"Mesaj g\u00f6nderildi | Rovensa Next MENA\" \/>\n<meta property=\"og:description\" content=\"Sorgunuzu ald\u0131k \u0130leti\u015fime ge\u00e7ti\u011finiz i\u00e7in te\u015fekk\u00fcr ederiz. Talebinizi ald\u0131k ve m\u00fcmk\u00fcn olan en k\u0131sa s\u00fcrede size geri d\u00f6nece\u011fiz. S\u0131rt s\u0131rta\" \/>\n<meta property=\"og:url\" content=\"https:\/\/www.rovensanext-mena.com\/tr\/mesaj-gonderildi\/\" \/>\n<meta property=\"og:site_name\" content=\"Rovensa Next MENA\" \/>\n<meta property=\"article:publisher\" content=\"https:\/\/www.facebook.com\/RovensaNextMENA\" \/>\n<meta property=\"og:image\" content=\"https:\/\/rovensanext-mena.com\/wp-content\/uploads\/2023\/07\/okMessage2.png\" \/>\n<meta name=\"twitter:card\" content=\"summary_large_image\" \/>\n<meta name=\"twitter:site\" content=\"@RovensaNext\" \/>\n<script type=\"application\/ld+json\" class=\"yoast-schema-graph\">{\"@context\":\"https:\/\/schema.org\",\"@graph\":[{\"@type\":\"WebPage\",\"@id\":\"https:\/\/www.rovensanext-mena.com\/tr\/mesaj-gonderildi\/\",\"url\":\"https:\/\/www.rovensanext-mena.com\/tr\/mesaj-gonderildi\/\",\"name\":\"Mesaj g\u00f6nderildi | Rovensa Next MENA\",\"isPartOf\":{\"@id\":\"https:\/\/www.rovensanext-mena.com\/tr\/#website\"},\"primaryImageOfPage\":{\"@id\":\"https:\/\/www.rovensanext-mena.com\/tr\/mesaj-gonderildi\/#primaryimage\"},\"image\":{\"@id\":\"https:\/\/www.rovensanext-mena.com\/tr\/mesaj-gonderildi\/#primaryimage\"},\"thumbnailUrl\":\"https:\/\/rovensanext-mena.com\/wp-content\/uploads\/2023\/07\/okMessage2.png\",\"datePublished\":\"2023-08-29T08:28:17+00:00\",\"breadcrumb\":{\"@id\":\"https:\/\/www.rovensanext-mena.com\/tr\/mesaj-gonderildi\/#breadcrumb\"},\"inLanguage\":\"tr\",\"potentialAction\":[{\"@type\":\"ReadAction\",\"target\":[\"https:\/\/www.rovensanext-mena.com\/tr\/mesaj-gonderildi\/\"]}]},{\"@type\":\"ImageObject\",\"inLanguage\":\"tr\",\"@id\":\"https:\/\/www.rovensanext-mena.com\/tr\/mesaj-gonderildi\/#primaryimage\",\"url\":\"https:\/\/rovensanext-mena.com\/wp-content\/uploads\/2023\/07\/okMessage2.png\",\"contentUrl\":\"https:\/\/rovensanext-mena.com\/wp-content\/uploads\/2023\/07\/okMessage2.png\"},{\"@type\":\"BreadcrumbList\",\"@id\":\"https:\/\/www.rovensanext-mena.com\/tr\/mesaj-gonderildi\/#breadcrumb\",\"itemListElement\":[{\"@type\":\"ListItem\",\"position\":1,\"name\":\"Home\",\"item\":\"https:\/\/www.rovensanext-mena.com\/tr\/\"},{\"@type\":\"ListItem\",\"position\":2,\"name\":\"Mesaj g\u00f6nderildi\"}]},{\"@type\":\"WebSite\",\"@id\":\"https:\/\/www.rovensanext-mena.com\/tr\/#website\",\"url\":\"https:\/\/www.rovensanext-mena.com\/tr\/\",\"name\":\"Rovensa Next, the new pioneer in biosolutions for agriculture\",\"description\":\"\u0646\u062d\u0646 \u0646\u0633\u0627\u0639\u062f \u0627\u0644\u0645\u0632\u0627\u0631\u0639\u064a\u0646 \u0639\u0644\u0649 \u062d\u0644 \u062a\u062d\u062f\u064a\u0627\u062a \u0627\u0644\u0627\u0633\u062a\u062f\u0627\u0645\u0629 \u0627\u0644\u064a\u0648\u0645\u064a\u0629 \u0627\u0644\u062d\u0642\u064a\u0642\u064a\u0629 \u060c \u0628\u0645\u0631\u0627\u0641\u0642\u062a\u0647\u0645 \u0641\u064a \u0643\u0644 \u062e\u0637\u0648\u0629 \u0639\u0644\u0649 \u0627\u0644\u0637\u0631\u064a\u0642 \u060c \u0645\u0646 \u0627\u0644\u0628\u0630\u0648\u0631 \u0625\u0644\u0649 \u0627\u0644\u0645\u0627\u0626\u062f\u0629\",\"publisher\":{\"@id\":\"https:\/\/www.rovensanext-mena.com\/tr\/#organization\"},\"alternateName\":\"Rovensa Next | Let's grow greener\",\"potentialAction\":[{\"@type\":\"SearchAction\",\"target\":{\"@type\":\"EntryPoint\",\"urlTemplate\":\"https:\/\/www.rovensanext-mena.com\/tr\/?s={search_term_string}\"},\"query-input\":{\"@type\":\"PropertyValueSpecification\",\"valueRequired\":true,\"valueName\":\"search_term_string\"}}],\"inLanguage\":\"tr\"},{\"@type\":\"Organization\",\"@id\":\"https:\/\/www.rovensanext-mena.com\/tr\/#organization\",\"name\":\"Rovensa Next\",\"alternateName\":\"Rovensa Next | Let's grow greener\",\"url\":\"https:\/\/www.rovensanext-mena.com\/tr\/\",\"logo\":{\"@type\":\"ImageObject\",\"inLanguage\":\"tr\",\"@id\":\"https:\/\/www.rovensanext-mena.com\/tr\/#\/schema\/logo\/image\/\",\"url\":\"http:\/\/www.rovensanext-mena.com\/wp-content\/uploads\/2023\/04\/faviconRovensa-3.png\",\"contentUrl\":\"http:\/\/www.rovensanext-mena.com\/wp-content\/uploads\/2023\/04\/faviconRovensa-3.png\",\"width\":512,\"height\":512,\"caption\":\"Rovensa Next\"},\"image\":{\"@id\":\"https:\/\/www.rovensanext-mena.com\/tr\/#\/schema\/logo\/image\/\"},\"sameAs\":[\"https:\/\/www.facebook.com\/RovensaNextMENA\",\"https:\/\/x.com\/RovensaNext\",\"https:\/\/www.linkedin.com\/company\/rovensanextmena\/\",\"https:\/\/youtube.com\/@RovensaNextMENA\",\"https:\/\/www.instagram.com\/rovensanextmena\/\"]}]}<\/script>\n<!-- \/ Yoast SEO plugin. -->","yoast_head_json":{"title":"Mesaj g\u00f6nderildi | Rovensa Next MENA","robots":{"index":"noindex","follow":"nofollow"},"og_locale":"tr_TR","og_type":"article","og_title":"Mesaj g\u00f6nderildi | Rovensa Next MENA","og_description":"Sorgunuzu ald\u0131k \u0130leti\u015fime ge\u00e7ti\u011finiz i\u00e7in te\u015fekk\u00fcr ederiz. Talebinizi ald\u0131k ve m\u00fcmk\u00fcn olan en k\u0131sa s\u00fcrede size geri d\u00f6nece\u011fiz. S\u0131rt s\u0131rta","og_url":"https:\/\/www.rovensanext-mena.com\/tr\/mesaj-gonderildi\/","og_site_name":"Rovensa Next MENA","article_publisher":"https:\/\/www.facebook.com\/RovensaNextMENA","og_image":[{"url":"https:\/\/rovensanext-mena.com\/wp-content\/uploads\/2023\/07\/okMessage2.png","type":"","width":"","height":""}],"twitter_card":"summary_large_image","twitter_site":"@RovensaNext","schema":{"@context":"https:\/\/schema.org","@graph":[{"@type":"WebPage","@id":"https:\/\/www.rovensanext-mena.com\/tr\/mesaj-gonderildi\/","url":"https:\/\/www.rovensanext-mena.com\/tr\/mesaj-gonderildi\/","name":"Mesaj g\u00f6nderildi | Rovensa Next MENA","isPartOf":{"@id":"https:\/\/www.rovensanext-mena.com\/tr\/#website"},"primaryImageOfPage":{"@id":"https:\/\/www.rovensanext-mena.com\/tr\/mesaj-gonderildi\/#primaryimage"},"image":{"@id":"https:\/\/www.rovensanext-mena.com\/tr\/mesaj-gonderildi\/#primaryimage"},"thumbnailUrl":"https:\/\/rovensanext-mena.com\/wp-content\/uploads\/2023\/07\/okMessage2.png","datePublished":"2023-08-29T08:28:17+00:00","breadcrumb":{"@id":"https:\/\/www.rovensanext-mena.com\/tr\/mesaj-gonderildi\/#breadcrumb"},"inLanguage":"tr","potentialAction":[{"@type":"ReadAction","target":["https:\/\/www.rovensanext-mena.com\/tr\/mesaj-gonderildi\/"]}]},{"@type":"ImageObject","inLanguage":"tr","@id":"https:\/\/www.rovensanext-mena.com\/tr\/mesaj-gonderildi\/#primaryimage","url":"https:\/\/rovensanext-mena.com\/wp-content\/uploads\/2023\/07\/okMessage2.png","contentUrl":"https:\/\/rovensanext-mena.com\/wp-content\/uploads\/2023\/07\/okMessage2.png"},{"@type":"BreadcrumbList","@id":"https:\/\/www.rovensanext-mena.com\/tr\/mesaj-gonderildi\/#breadcrumb","itemListElement":[{"@type":"ListItem","position":1,"name":"Home","item":"https:\/\/www.rovensanext-mena.com\/tr\/"},{"@type":"ListItem","position":2,"name":"Mesaj g\u00f6nderildi"}]},{"@type":"WebSite","@id":"https:\/\/www.rovensanext-mena.com\/tr\/#website","url":"https:\/\/www.rovensanext-mena.com\/tr\/","name":"Rovensa Next, the new pioneer in biosolutions for agriculture","description":"\u0646\u062d\u0646 \u0646\u0633\u0627\u0639\u062f \u0627\u0644\u0645\u0632\u0627\u0631\u0639\u064a\u0646 \u0639\u0644\u0649 \u062d\u0644 \u062a\u062d\u062f\u064a\u0627\u062a \u0627\u0644\u0627\u0633\u062a\u062f\u0627\u0645\u0629 \u0627\u0644\u064a\u0648\u0645\u064a\u0629 \u0627\u0644\u062d\u0642\u064a\u0642\u064a\u0629 \u060c \u0628\u0645\u0631\u0627\u0641\u0642\u062a\u0647\u0645 \u0641\u064a \u0643\u0644 \u062e\u0637\u0648\u0629 \u0639\u0644\u0649 \u0627\u0644\u0637\u0631\u064a\u0642 \u060c \u0645\u0646 \u0627\u0644\u0628\u0630\u0648\u0631 \u0625\u0644\u0649 \u0627\u0644\u0645\u0627\u0626\u062f\u0629","publisher":{"@id":"https:\/\/www.rovensanext-mena.com\/tr\/#organization"},"alternateName":"Rovensa Next | Let's grow greener","potentialAction":[{"@type":"SearchAction","target":{"@type":"EntryPoint","urlTemplate":"https:\/\/www.rovensanext-mena.com\/tr\/?s={search_term_string}"},"query-input":{"@type":"PropertyValueSpecification","valueRequired":true,"valueName":"search_term_string"}}],"inLanguage":"tr"},{"@type":"Organization","@id":"https:\/\/www.rovensanext-mena.com\/tr\/#organization","name":"Rovensa Next","alternateName":"Rovensa Next | Let's grow greener","url":"https:\/\/www.rovensanext-mena.com\/tr\/","logo":{"@type":"ImageObject","inLanguage":"tr","@id":"https:\/\/www.rovensanext-mena.com\/tr\/#\/schema\/logo\/image\/","url":"http:\/\/www.rovensanext-mena.com\/wp-content\/uploads\/2023\/04\/faviconRovensa-3.png","contentUrl":"http:\/\/www.rovensanext-mena.com\/wp-content\/uploads\/2023\/04\/faviconRovensa-3.png","width":512,"height":512,"caption":"Rovensa Next"},"image":{"@id":"https:\/\/www.rovensanext-mena.com\/tr\/#\/schema\/logo\/image\/"},"sameAs":["https:\/\/www.facebook.com\/RovensaNextMENA","https:\/\/x.com\/RovensaNext","https:\/\/www.linkedin.com\/company\/rovensanextmena\/","https:\/\/youtube.com\/@RovensaNextMENA","https:\/\/www.instagram.com\/rovensanextmena\/"]}]}},"_links":{"self":[{"href":"https:\/\/www.rovensanext-mena.com\/tr\/wp-json\/wp\/v2\/pages\/25525","targetHints":{"allow":["GET"]}}],"collection":[{"href":"https:\/\/www.rovensanext-mena.com\/tr\/wp-json\/wp\/v2\/pages"}],"about":[{"href":"https:\/\/www.rovensanext-mena.com\/tr\/wp-json\/wp\/v2\/types\/page"}],"author":[{"embeddable":true,"href":"https:\/\/www.rovensanext-mena.com\/tr\/wp-json\/wp\/v2\/users\/2"}],"replies":[{"embeddable":true,"href":"https:\/\/www.rovensanext-mena.com\/tr\/wp-json\/wp\/v2\/comments?post=25525"}],"version-history":[{"count":0,"href":"https:\/\/www.rovensanext-mena.com\/tr\/wp-json\/wp\/v2\/pages\/25525\/revisions"}],"wp:attachment":[{"href":"https:\/\/www.rovensanext-mena.com\/tr\/wp-json\/wp\/v2\/media?parent=25525"}],"wp:term":[{"taxonomy":"category","embeddable":true,"href":"https:\/\/www.rovensanext-mena.com\/tr\/wp-json\/wp\/v2\/categories?post=25525"},{"taxonomy":"post_tag","embeddable":true,"href":"https:\/\/www.rovensanext-mena.com\/tr\/wp-json\/wp\/v2\/tags?post=25525"}],"curies":[{"name":"wp","href":"https:\/\/api.w.org\/{rel}","templated":true}]}}