{"id":16635,"date":"2023-07-27T00:32:06","date_gmt":"2023-07-27T00:32:06","guid":{"rendered":"https:\/\/rovensanext-mena.com\/site-map\/"},"modified":"2023-07-27T00:32:06","modified_gmt":"2023-07-27T00:32:06","slug":"site-map","status":"publish","type":"page","link":"https:\/\/www.rovensanext-mena.com\/fr\/site-map\/","title":{"rendered":"Site map"},"content":{"rendered":"\t\t<div data-elementor-type=\"wp-page\" data-elementor-id=\"16635\" class=\"elementor elementor-16635 elementor-8540\" data-elementor-post-type=\"page\">\n\t\t\t\t<div class=\"elementor-element elementor-element-3f3acbd e-flex e-con-boxed e-con e-parent\" data-id=\"3f3acbd\" data-element_type=\"container\">\n\t\t\t\t\t<div class=\"e-con-inner\">\n\t\t<div class=\"elementor-element elementor-element-50f9b06 e-con-full e-flex e-con e-parent\" data-id=\"50f9b06\" data-element_type=\"container\">\n\t\t<div class=\"elementor-element elementor-element-c109398 e-con-full e-flex e-con e-parent\" data-id=\"c109398\" data-element_type=\"container\">\n\t\t\t\t<div class=\"elementor-element elementor-element-6d55c0c animated-fast elementor-invisible elementor-widget elementor-widget-theme-post-title elementor-page-title elementor-widget-heading\" data-id=\"6d55c0c\" data-element_type=\"widget\" data-settings=\"{&quot;_animation&quot;:&quot;fadeIn&quot;}\" data-widget_type=\"theme-post-title.default\">\n\t\t\t\t<div class=\"elementor-widget-container\">\n\t\t\t\t\t<h1 class=\"elementor-heading-title elementor-size-default\">Site map<\/h1>\t\t\t\t<\/div>\n\t\t\t\t<\/div>\n\t\t\t\t<\/div>\n\t\t<div class=\"elementor-element elementor-element-0f5da10 e-flex e-con-boxed e-con e-parent\" data-id=\"0f5da10\" data-element_type=\"container\">\n\t\t\t\t\t<div class=\"e-con-inner\">\n\t\t<div class=\"elementor-element elementor-element-9177217 e-con-full e-flex e-con e-parent\" data-id=\"9177217\" data-element_type=\"container\">\n\t\t\t\t<div class=\"elementor-element elementor-element-efe7cee elementor-widget-mobile__width-auto elementor-view-default elementor-widget elementor-widget-icon\" data-id=\"efe7cee\" data-element_type=\"widget\" data-widget_type=\"icon.default\">\n\t\t\t\t<div class=\"elementor-widget-container\">\n\t\t\t\t\t\t\t<div class=\"elementor-icon-wrapper\">\n\t\t\t<div class=\"elementor-icon\">\n\t\t\t<svg aria-hidden=\"true\" class=\"e-font-icon-svg e-fas-sitemap\" viewBox=\"0 0 640 512\" xmlns=\"http:\/\/www.w3.org\/2000\/svg\"><path d=\"M128 352H32c-17.67 0-32 14.33-32 32v96c0 17.67 14.33 32 32 32h96c17.67 0 32-14.33 32-32v-96c0-17.67-14.33-32-32-32zm-24-80h192v48h48v-48h192v48h48v-57.59c0-21.17-17.23-38.41-38.41-38.41H344v-64h40c17.67 0 32-14.33 32-32V32c0-17.67-14.33-32-32-32H256c-17.67 0-32 14.33-32 32v96c0 17.67 14.33 32 32 32h40v64H94.41C73.23 224 56 241.23 56 262.41V320h48v-48zm264 80h-96c-17.67 0-32 14.33-32 32v96c0 17.67 14.33 32 32 32h96c17.67 0 32-14.33 32-32v-96c0-17.67-14.33-32-32-32zm240 0h-96c-17.67 0-32 14.33-32 32v96c0 17.67 14.33 32 32 32h96c17.67 0 32-14.33 32-32v-96c0-17.67-14.33-32-32-32z\"><\/path><\/svg>\t\t\t<\/div>\n\t\t<\/div>\n\t\t\t\t\t\t<\/div>\n\t\t\t\t<\/div>\n\t\t\t\t<div class=\"elementor-element elementor-element-a2a779b elementor-widget-mobile__width-auto elementor-widget elementor-widget-breadcrumbs\" data-id=\"a2a779b\" data-element_type=\"widget\" data-widget_type=\"breadcrumbs.default\">\n\t\t\t\t<div class=\"elementor-widget-container\">\n\t\t\t\t\t<p id=\"breadcrumbs\"><span><span><a href=\"https:\/\/www.rovensanext-mena.com\/fr\/\">Home<\/a><\/span><\/span><\/p>\t\t\t\t<\/div>\n\t\t\t\t<\/div>\n\t\t\t\t<\/div>\n\t\t\t\t\t<\/div>\n\t\t\t\t<\/div>\n\t\t\t\t<\/div>\n\t\t<div class=\"elementor-element elementor-element-4157482 e-con-full e-flex e-con e-parent\" data-id=\"4157482\" data-element_type=\"container\">\n\t\t\t\t<div class=\"elementor-element elementor-element-bd6edbf elementor-widget elementor-widget-sitemap\" data-id=\"bd6edbf\" data-element_type=\"widget\" data-widget_type=\"sitemap.default\">\n\t\t\t\t<div class=\"elementor-widget-container\">\n\t\t\t\t\t<div class=\"elementor-sitemap-wrap\"><div class=\"elementor-sitemap-section\"><h3 class=\"elementor-sitemap-title elementor-sitemap-page-title\">Pages<\/h3><ul class=\"elementor-sitemap-list elementor-sitemap-page-list\"><li class=\"elementor-sitemap-item elementor-sitemap-item-page page_item page-item-14262\"><a href=\"https:\/\/www.rovensanext-mena.com\/fr\/actualites\/\">Actualit\u00e9s<\/a><ul class='children'><li class=\"elementor-sitemap-item elementor-sitemap-item-page page_item page-item-14266\"><a href=\"https:\/\/www.rovensanext-mena.com\/fr\/actualites\/articles\/\">Articles<\/a><\/li><li class=\"elementor-sitemap-item elementor-sitemap-item-page page_item page-item-14270\"><a href=\"https:\/\/www.rovensanext-mena.com\/fr\/actualites\/communiques-de-presse\/\">Communiqu\u00e9s de presse<\/a><\/li><li class=\"elementor-sitemap-item elementor-sitemap-item-page page_item page-item-15200\"><a href=\"https:\/\/www.rovensanext-mena.com\/fr\/actualites\/rd\/\">R&amp;D<\/a><\/li><\/ul><\/li><li class=\"elementor-sitemap-item elementor-sitemap-item-page page_item page-item-15244\"><a href=\"https:\/\/www.rovensanext-mena.com\/fr\/adjuvants-et-correcteurs\/\">Adjuvants et Correcteurs<\/a><ul class='children'><li class=\"elementor-sitemap-item elementor-sitemap-item-page page_item page-item-15246\"><a href=\"https:\/\/www.rovensanext-mena.com\/fr\/adjuvants-et-correcteurs\/adjuvants\/\">Adjuvants<\/a><\/li><li class=\"elementor-sitemap-item elementor-sitemap-item-page page_item page-item-15248\"><a href=\"https:\/\/www.rovensanext-mena.com\/fr\/adjuvants-et-correcteurs\/correcteurs\/\">Correcteurs<\/a><\/li><\/ul><\/li><li class=\"elementor-sitemap-item elementor-sitemap-item-page page_item page-item-32047\"><a href=\"https:\/\/www.rovensanext-mena.com\/fr\/code-of-conduct\/\">Code of conduct<\/a><\/li><li class=\"elementor-sitemap-item elementor-sitemap-item-page page_item page-item-14256\"><a href=\"https:\/\/www.rovensanext-mena.com\/fr\/contactez-nous\/\">Contactez nous<\/a><\/li><li class=\"elementor-sitemap-item elementor-sitemap-item-page page_item page-item-14229\"><a href=\"https:\/\/www.rovensanext-mena.com\/fr\/des-biosolutions-en-fonction-des-besoins-des-producteurs\/\">Des biosolutions en fonction des besoins des producteurs.<\/a><ul class='children'><li class=\"elementor-sitemap-item elementor-sitemap-item-page page_item page-item-14233\"><a href=\"https:\/\/www.rovensanext-mena.com\/fr\/des-biosolutions-en-fonction-des-besoins-des-producteurs\/amelioration-de-la-qualite-des-cultures\/\">Am\u00e9lioration de la qualit\u00e9 des cultures<\/a><\/li><li class=\"elementor-sitemap-item elementor-sitemap-item-page page_item page-item-14231\"><a href=\"https:\/\/www.rovensanext-mena.com\/fr\/des-biosolutions-en-fonction-des-besoins-des-producteurs\/ameliorer-les-applications-relatives-aux-sols-a-leau-et-aux-produits\/\">Am\u00e9liorer les applications relatives aux sols, \u00e0 l&rsquo;eau et aux produits<\/a><\/li><li class=\"elementor-sitemap-item elementor-sitemap-item-page page_item page-item-16050\"><a href=\"https:\/\/www.rovensanext-mena.com\/fr\/des-biosolutions-en-fonction-des-besoins-des-producteurs\/gestion-integree-des-maladies\/\">Gestion int\u00e9gr\u00e9e des maladies<\/a><\/li><li class=\"elementor-sitemap-item elementor-sitemap-item-page page_item page-item-16052\"><a href=\"https:\/\/www.rovensanext-mena.com\/fr\/des-biosolutions-en-fonction-des-besoins-des-producteurs\/lutte-integree-contre-les-ravageurs\/\">Lutte int\u00e9gr\u00e9e contre les ravageurs<\/a><\/li><li class=\"elementor-sitemap-item elementor-sitemap-item-page page_item page-item-14248\"><a href=\"https:\/\/www.rovensanext-mena.com\/fr\/des-biosolutions-en-fonction-des-besoins-des-producteurs\/minimiser-le-stress-abiotique\/\">Minimiser le stress abiotique<\/a><\/li><li class=\"elementor-sitemap-item elementor-sitemap-item-page page_item page-item-14254\"><a href=\"https:\/\/www.rovensanext-mena.com\/fr\/des-biosolutions-en-fonction-des-besoins-des-producteurs\/nutrition-durable-des-cultures\/\">Nutrition durable des cultures<\/a><\/li><li class=\"elementor-sitemap-item elementor-sitemap-item-page page_item page-item-14252\"><a href=\"https:\/\/www.rovensanext-mena.com\/fr\/des-biosolutions-en-fonction-des-besoins-des-producteurs\/stimulation-du-cycle-naturel-des-plantes\/\">Stimulation du cycle naturel des plantes<\/a><\/li><\/ul><\/li><li class=\"elementor-sitemap-item elementor-sitemap-item-page page_item page-item-15214\"><a href=\"https:\/\/www.rovensanext-mena.com\/fr\/developpement-durable\/\">D\u00e9veloppement Durable<\/a><ul class='children'><li class=\"elementor-sitemap-item elementor-sitemap-item-page page_item page-item-15220\"><a href=\"https:\/\/www.rovensanext-mena.com\/fr\/developpement-durable\/objectifs-de-developpement-durable\/\">Objectifs de d\u00e9veloppement durable<\/a><\/li><li class=\"elementor-sitemap-item elementor-sitemap-item-page page_item page-item-15216\"><a href=\"https:\/\/www.rovensanext-mena.com\/fr\/developpement-durable\/projet-azmud\/\">Projet AZMUD<\/a><\/li><li class=\"elementor-sitemap-item elementor-sitemap-item-page page_item page-item-15218\"><a href=\"https:\/\/www.rovensanext-mena.com\/fr\/developpement-durable\/projet-biotool\/\">Projet BIOTOOL<\/a><\/li><\/ul><\/li><li class=\"elementor-sitemap-item elementor-sitemap-item-page page_item page-item-15228\"><a href=\"https:\/\/www.rovensanext-mena.com\/fr\/\">Home<\/a><\/li><li class=\"elementor-sitemap-item elementor-sitemap-item-page page_item page-item-14258\"><a href=\"https:\/\/www.rovensanext-mena.com\/fr\/innovation-2\/\">Innovation<\/a><\/li><li class=\"elementor-sitemap-item elementor-sitemap-item-page page_item page-item-15230\"><a href=\"https:\/\/www.rovensanext-mena.com\/fr\/bionutrition\/\">La Bionutrition<\/a><ul class='children'><li class=\"elementor-sitemap-item elementor-sitemap-item-page page_item page-item-15232\"><a href=\"https:\/\/www.rovensanext-mena.com\/fr\/bionutrition\/biostimulants\/\">Biostimulants<\/a><\/li><li class=\"elementor-sitemap-item elementor-sitemap-item-page page_item page-item-15234\"><a href=\"https:\/\/www.rovensanext-mena.com\/fr\/bionutrition\/nutrition\/\">La nutrition<\/a><\/li><li class=\"elementor-sitemap-item elementor-sitemap-item-page page_item page-item-15236\"><a href=\"https:\/\/www.rovensanext-mena.com\/fr\/bionutrition\/produits-techniques\/\">Produits techniques<\/a><\/li><\/ul><\/li><li class=\"elementor-sitemap-item elementor-sitemap-item-page page_item page-item-14260\"><a href=\"https:\/\/www.rovensanext-mena.com\/fr\/langue-et-pays\/\">Langue et pays<\/a><\/li><li class=\"elementor-sitemap-item elementor-sitemap-item-page page_item page-item-15238\"><a href=\"https:\/\/www.rovensanext-mena.com\/fr\/biocontrole\/\">Le Biocontr\u00f4le<\/a><ul class='children'><li class=\"elementor-sitemap-item elementor-sitemap-item-page page_item page-item-15240\"><a href=\"https:\/\/www.rovensanext-mena.com\/fr\/biocontrole\/biofongicides\/\">Biofongicides<\/a><\/li><li class=\"elementor-sitemap-item elementor-sitemap-item-page page_item page-item-15242\"><a href=\"https:\/\/www.rovensanext-mena.com\/fr\/biocontrole\/bioinsecticides\/\">Bioinsecticides<\/a><\/li><li class=\"elementor-sitemap-item elementor-sitemap-item-page page_item page-item-16637\"><a href=\"https:\/\/www.rovensanext-mena.com\/fr\/biocontrole\/bionematicides\/\">Bion\u00e9maticides<\/a><\/li><\/ul><\/li><li class=\"elementor-sitemap-item elementor-sitemap-item-page page_item page-item-15222\"><a href=\"https:\/\/www.rovensanext-mena.com\/fr\/le-message-a-ete-envoye\/\">Le message a \u00e9t\u00e9 envoy\u00e9<\/a><\/li><li class=\"elementor-sitemap-item elementor-sitemap-item-page page_item page-item-14274\"><a href=\"https:\/\/www.rovensanext-mena.com\/fr\/nos-marques\/\">Nos marques<\/a><\/li><li class=\"elementor-sitemap-item elementor-sitemap-item-page page_item page-item-15202\"><a href=\"https:\/\/www.rovensanext-mena.com\/fr\/produits-phares\/\">Produits phares<\/a><\/li><li class=\"elementor-sitemap-item elementor-sitemap-item-page page_item page-item-15315\"><a href=\"https:\/\/www.rovensanext-mena.com\/fr\/protection-des-donnees-et-confidentialite\/\">Protection des donn\u00e9es et confidentialit\u00e9<\/a><\/li><li class=\"elementor-sitemap-item elementor-sitemap-item-page page_item page-item-15250\"><a href=\"https:\/\/www.rovensanext-mena.com\/fr\/qui-sommes-nous\/\">Qui sommes-nous?<\/a><\/li><li class=\"elementor-sitemap-item elementor-sitemap-item-page page_item page-item-15206\"><a href=\"https:\/\/www.rovensanext-mena.com\/fr\/recherche-et-developpement\/\">Recherche et D\u00e9veloppement<\/a><ul class='children'><li class=\"elementor-sitemap-item elementor-sitemap-item-page page_item page-item-15210\"><a href=\"https:\/\/www.rovensanext-mena.com\/fr\/recherche-et-developpement\/collaborations-en-matiere-de-rd\/\">Collaborations en mati\u00e8re de R&amp;D<\/a><\/li><li class=\"elementor-sitemap-item elementor-sitemap-item-page page_item page-item-15224\"><a href=\"https:\/\/www.rovensanext-mena.com\/fr\/recherche-et-developpement\/projets-finances-par-la-rd\/\">Projets financ\u00e9s par la R&amp;D<\/a><\/li><li class=\"elementor-sitemap-item elementor-sitemap-item-page page_item page-item-15208\"><a href=\"https:\/\/www.rovensanext-mena.com\/fr\/recherche-et-developpement\/ressources-de-notre-rd\/\">Ressources de notre R&amp;D<\/a><\/li><\/ul><\/li><li class=\"elementor-sitemap-item elementor-sitemap-item-page page_item page-item-16635\"><a href=\"https:\/\/www.rovensanext-mena.com\/fr\/site-map\/\">Site map<\/a><\/li><li class=\"elementor-sitemap-item elementor-sitemap-item-page page_item page-item-15212\"><a href=\"https:\/\/www.rovensanext-mena.com\/fr\/solutions-et-produits\/\">Solutions et produits<\/a><\/li><li class=\"elementor-sitemap-item elementor-sitemap-item-page page_item page-item-15226\"><a href=\"https:\/\/www.rovensanext-mena.com\/fr\/travailler-chez-rovensa-next\/\">Travailler chez Rovensa Next<\/a><\/li><\/ul><\/div><div class=\"elementor-sitemap-section\"><h3 class=\"elementor-sitemap-title elementor-sitemap-post-title\">Posts<\/h3><ul class=\"elementor-sitemap-list elementor-sitemap-post-list\"><li class=\"elementor-sitemap-item elementor-sitemap-item-post page_item page-item-30590\"><a href=\"https:\/\/www.rovensanext-mena.com\/fr\/actualites\/articles\/rovensa-nexts-biimore-receives-additional-crops-approval-under-eu-fertilising-products-regulation\/\">Rovensa Next\u2019s Biimore receives additional crops approval under EU Fertilising Products Regulation<\/a><\/li><li class=\"elementor-sitemap-item elementor-sitemap-item-post page_item page-item-16124\"><a href=\"https:\/\/www.rovensanext-mena.com\/fr\/actualites\/articles\/rovensa-next-rassembler-des-expertises\/\">Rovensa Next : Rassembler des expertises<\/a><\/li><li class=\"elementor-sitemap-item elementor-sitemap-item-post page_item page-item-15683\"><a href=\"https:\/\/www.rovensanext-mena.com\/fr\/actualites\/les-algues-face-aux-coups-de-soleil-sur-les-fruits\/\">Les algues face aux coups de soleil sur les fruits<\/a><\/li><\/ul><\/div><div class=\"elementor-sitemap-section\"><h3 class=\"elementor-sitemap-title elementor-sitemap-rvproducts-title\">Products<\/h3><ul class=\"elementor-sitemap-list elementor-sitemap-rvproducts-list\"><li class=\"elementor-sitemap-item elementor-sitemap-item-rvproducts page_item page-item-14366\"><a href=\"https:\/\/www.rovensanext-mena.com\/fr\/la-bionutrition\/biostimulants\/biimore-2\">Biimore<\/a><\/li><li class=\"elementor-sitemap-item elementor-sitemap-item-rvproducts page_item page-item-14362\"><a href=\"https:\/\/www.rovensanext-mena.com\/fr\/la-bionutrition\/biostimulants\/delfan-plus-2\">Delfan Plus<\/a><\/li><li class=\"elementor-sitemap-item elementor-sitemap-item-rvproducts page_item page-item-14372\"><a href=\"https:\/\/www.rovensanext-mena.com\/fr\/bionutrition\/biostimulants\/phylgreen-2\">Phylgreen<\/a><\/li><li class=\"elementor-sitemap-item elementor-sitemap-item-rvproducts page_item page-item-14376\"><a href=\"https:\/\/www.rovensanext-mena.com\/fr\/bionutrition\/nutrition\/tradecorp-az-2\">Tradecorp AZ<\/a><\/li><li class=\"elementor-sitemap-item elementor-sitemap-item-rvproducts page_item page-item-14380\"><a href=\"https:\/\/www.rovensanext-mena.com\/fr\/la-bionutrition\/nutrition\/ultraferro-2\">Ultraferro<\/a><\/li><li class=\"elementor-sitemap-item elementor-sitemap-item-rvproducts page_item page-item-15465\"><a href=\"https:\/\/www.rovensanext-mena.com\/fr\/bionutrition\/biostimulants\/vegenergy\">Vegenergy<\/a><\/li><\/ul><\/div><div class=\"elementor-sitemap-section\"><h3 class=\"elementor-sitemap-title elementor-sitemap-category-title\">Categories<\/h3><ul class=\"elementor-sitemap-list elementor-sitemap-category-list\">\t<li class=\"elementor-sitemap-item elementor-sitemap-item-category cat-item cat-item-226\"><a href=\"https:\/\/www.rovensanext-mena.com\/fr\/.\/actualites\/\">Actualit\u00e9s<\/a>\n<ul class='children'>\n\t<li class=\"elementor-sitemap-item elementor-sitemap-item-category cat-item cat-item-227\"><a href=\"https:\/\/www.rovensanext-mena.com\/fr\/.\/actualites\/articles\/\">Articles<\/a>\n<\/li>\n<\/ul>\n<\/li>\n\t<li class=\"elementor-sitemap-item elementor-sitemap-item-category cat-item cat-item-212\"><a href=\"https:\/\/www.rovensanext-mena.com\/fr\/.\/besoins-de-lagriculteur\/\">Besoins de l&#039;agriculteur<\/a>\n<\/li>\n\t<li class=\"elementor-sitemap-item elementor-sitemap-item-category cat-item cat-item-215\"><a href=\"https:\/\/www.rovensanext-mena.com\/fr\/.\/bionutrition\/\">Bionutrition<\/a>\n<ul class='children'>\n\t<li class=\"elementor-sitemap-item elementor-sitemap-item-category cat-item cat-item-220\"><a href=\"https:\/\/www.rovensanext-mena.com\/fr\/.\/bionutrition\/biostimulants\/\">Biostimulants<\/a>\n<\/li>\n\t<li class=\"elementor-sitemap-item elementor-sitemap-item-category cat-item cat-item-221\"><a href=\"https:\/\/www.rovensanext-mena.com\/fr\/.\/bionutrition\/nutrition\/\">Nutrition<\/a>\n<\/li>\n<\/ul>\n<\/li>\n\t<li class=\"elementor-sitemap-item elementor-sitemap-item-category cat-item cat-item-225\"><a href=\"https:\/\/www.rovensanext-mena.com\/fr\/.\/category-product-fra\/\">Category Product FRA<\/a>\n<\/li>\n<\/ul><\/div><\/div>\t\t\t\t<\/div>\n\t\t\t\t<\/div>\n\t\t\t\t<\/div>\n\t\t\t\t\t<\/div>\n\t\t\t\t<\/div>\n\t\t\t\t<\/div>\n\t\t","protected":false},"excerpt":{"rendered":"","protected":false},"author":3,"featured_media":0,"parent":0,"menu_order":0,"comment_status":"closed","ping_status":"closed","template":"","meta":{"footnotes":""},"categories":[],"tags":[],"class_list":["post-16635","page","type-page","status-publish","hentry"],"yoast_head":"<!-- This site is optimized with the Yoast SEO plugin v26.2 - https:\/\/yoast.com\/wordpress\/plugins\/seo\/ -->\n<title>Site map | Rovensa Next MENA<\/title>\n<meta name=\"robots\" content=\"index, follow, max-snippet:-1, max-image-preview:large, max-video-preview:-1\" \/>\n<link rel=\"canonical\" href=\"https:\/\/www.rovensanext-mena.com\/fr\/site-map\/\" \/>\n<meta property=\"og:locale\" content=\"fr_FR\" \/>\n<meta property=\"og:type\" content=\"article\" \/>\n<meta property=\"og:title\" content=\"Site map | Rovensa Next MENA\" \/>\n<meta property=\"og:url\" content=\"https:\/\/www.rovensanext-mena.com\/fr\/site-map\/\" \/>\n<meta property=\"og:site_name\" content=\"Rovensa Next MENA\" \/>\n<meta property=\"article:publisher\" content=\"https:\/\/www.facebook.com\/RovensaNextMENA\" \/>\n<meta property=\"og:image\" content=\"https:\/\/www.rovensanext-mena.com\/wp-content\/uploads\/2023\/07\/RovensaNext-Cover.png\" \/>\n\t<meta property=\"og:image:width\" content=\"1200\" \/>\n\t<meta property=\"og:image:height\" content=\"675\" \/>\n\t<meta property=\"og:image:type\" content=\"image\/png\" \/>\n<meta name=\"twitter:card\" content=\"summary_large_image\" \/>\n<meta name=\"twitter:site\" content=\"@RovensaNext\" \/>\n<script type=\"application\/ld+json\" class=\"yoast-schema-graph\">{\"@context\":\"https:\/\/schema.org\",\"@graph\":[{\"@type\":\"WebPage\",\"@id\":\"https:\/\/www.rovensanext-mena.com\/fr\/site-map\/\",\"url\":\"https:\/\/www.rovensanext-mena.com\/fr\/site-map\/\",\"name\":\"Site map | Rovensa Next MENA\",\"isPartOf\":{\"@id\":\"https:\/\/www.rovensanext-mena.com\/fr\/#website\"},\"datePublished\":\"2023-07-27T00:32:06+00:00\",\"breadcrumb\":{\"@id\":\"https:\/\/www.rovensanext-mena.com\/fr\/site-map\/#breadcrumb\"},\"inLanguage\":\"fr-FR\",\"potentialAction\":[{\"@type\":\"ReadAction\",\"target\":[\"https:\/\/www.rovensanext-mena.com\/fr\/site-map\/\"]}]},{\"@type\":\"BreadcrumbList\",\"@id\":\"https:\/\/www.rovensanext-mena.com\/fr\/site-map\/#breadcrumb\",\"itemListElement\":[{\"@type\":\"ListItem\",\"position\":1,\"name\":\"Home\",\"item\":\"https:\/\/www.rovensanext-mena.com\/fr\/\"},{\"@type\":\"ListItem\",\"position\":2,\"name\":\"Site map\"}]},{\"@type\":\"WebSite\",\"@id\":\"https:\/\/www.rovensanext-mena.com\/fr\/#website\",\"url\":\"https:\/\/www.rovensanext-mena.com\/fr\/\",\"name\":\"Rovensa Next, the new pioneer in biosolutions for agriculture\",\"description\":\"Pioneros en biosoluciones para una agricultura sostenible.\",\"publisher\":{\"@id\":\"https:\/\/www.rovensanext-mena.com\/fr\/#organization\"},\"alternateName\":\"Rovensa Next | Let's grow greener\",\"potentialAction\":[{\"@type\":\"SearchAction\",\"target\":{\"@type\":\"EntryPoint\",\"urlTemplate\":\"https:\/\/www.rovensanext-mena.com\/fr\/?s={search_term_string}\"},\"query-input\":{\"@type\":\"PropertyValueSpecification\",\"valueRequired\":true,\"valueName\":\"search_term_string\"}}],\"inLanguage\":\"fr-FR\"},{\"@type\":\"Organization\",\"@id\":\"https:\/\/www.rovensanext-mena.com\/fr\/#organization\",\"name\":\"Rovensa Next\",\"alternateName\":\"Rovensa Next | Let's grow greener\",\"url\":\"https:\/\/www.rovensanext-mena.com\/fr\/\",\"logo\":{\"@type\":\"ImageObject\",\"inLanguage\":\"fr-FR\",\"@id\":\"https:\/\/www.rovensanext-mena.com\/fr\/#\/schema\/logo\/image\/\",\"url\":\"http:\/\/www.rovensanext-mena.com\/wp-content\/uploads\/2023\/04\/faviconRovensa-3.png\",\"contentUrl\":\"http:\/\/www.rovensanext-mena.com\/wp-content\/uploads\/2023\/04\/faviconRovensa-3.png\",\"width\":512,\"height\":512,\"caption\":\"Rovensa Next\"},\"image\":{\"@id\":\"https:\/\/www.rovensanext-mena.com\/fr\/#\/schema\/logo\/image\/\"},\"sameAs\":[\"https:\/\/www.facebook.com\/RovensaNextMENA\",\"https:\/\/x.com\/RovensaNext\",\"https:\/\/www.linkedin.com\/company\/rovensanextmena\/\",\"https:\/\/youtube.com\/@RovensaNextMENA\",\"https:\/\/www.instagram.com\/rovensanextmena\/\"]}]}<\/script>\n<!-- \/ Yoast SEO plugin. -->","yoast_head_json":{"title":"Site map | Rovensa Next MENA","robots":{"index":"index","follow":"follow","max-snippet":"max-snippet:-1","max-image-preview":"max-image-preview:large","max-video-preview":"max-video-preview:-1"},"canonical":"https:\/\/www.rovensanext-mena.com\/fr\/site-map\/","og_locale":"fr_FR","og_type":"article","og_title":"Site map | Rovensa Next MENA","og_url":"https:\/\/www.rovensanext-mena.com\/fr\/site-map\/","og_site_name":"Rovensa Next MENA","article_publisher":"https:\/\/www.facebook.com\/RovensaNextMENA","og_image":[{"width":1200,"height":675,"url":"https:\/\/www.rovensanext-mena.com\/wp-content\/uploads\/2023\/07\/RovensaNext-Cover.png","type":"image\/png"}],"twitter_card":"summary_large_image","twitter_site":"@RovensaNext","schema":{"@context":"https:\/\/schema.org","@graph":[{"@type":"WebPage","@id":"https:\/\/www.rovensanext-mena.com\/fr\/site-map\/","url":"https:\/\/www.rovensanext-mena.com\/fr\/site-map\/","name":"Site map | Rovensa Next MENA","isPartOf":{"@id":"https:\/\/www.rovensanext-mena.com\/fr\/#website"},"datePublished":"2023-07-27T00:32:06+00:00","breadcrumb":{"@id":"https:\/\/www.rovensanext-mena.com\/fr\/site-map\/#breadcrumb"},"inLanguage":"fr-FR","potentialAction":[{"@type":"ReadAction","target":["https:\/\/www.rovensanext-mena.com\/fr\/site-map\/"]}]},{"@type":"BreadcrumbList","@id":"https:\/\/www.rovensanext-mena.com\/fr\/site-map\/#breadcrumb","itemListElement":[{"@type":"ListItem","position":1,"name":"Home","item":"https:\/\/www.rovensanext-mena.com\/fr\/"},{"@type":"ListItem","position":2,"name":"Site map"}]},{"@type":"WebSite","@id":"https:\/\/www.rovensanext-mena.com\/fr\/#website","url":"https:\/\/www.rovensanext-mena.com\/fr\/","name":"Rovensa Next, the new pioneer in biosolutions for agriculture","description":"Pioneros en biosoluciones para una agricultura sostenible.","publisher":{"@id":"https:\/\/www.rovensanext-mena.com\/fr\/#organization"},"alternateName":"Rovensa Next | Let's grow greener","potentialAction":[{"@type":"SearchAction","target":{"@type":"EntryPoint","urlTemplate":"https:\/\/www.rovensanext-mena.com\/fr\/?s={search_term_string}"},"query-input":{"@type":"PropertyValueSpecification","valueRequired":true,"valueName":"search_term_string"}}],"inLanguage":"fr-FR"},{"@type":"Organization","@id":"https:\/\/www.rovensanext-mena.com\/fr\/#organization","name":"Rovensa Next","alternateName":"Rovensa Next | Let's grow greener","url":"https:\/\/www.rovensanext-mena.com\/fr\/","logo":{"@type":"ImageObject","inLanguage":"fr-FR","@id":"https:\/\/www.rovensanext-mena.com\/fr\/#\/schema\/logo\/image\/","url":"http:\/\/www.rovensanext-mena.com\/wp-content\/uploads\/2023\/04\/faviconRovensa-3.png","contentUrl":"http:\/\/www.rovensanext-mena.com\/wp-content\/uploads\/2023\/04\/faviconRovensa-3.png","width":512,"height":512,"caption":"Rovensa Next"},"image":{"@id":"https:\/\/www.rovensanext-mena.com\/fr\/#\/schema\/logo\/image\/"},"sameAs":["https:\/\/www.facebook.com\/RovensaNextMENA","https:\/\/x.com\/RovensaNext","https:\/\/www.linkedin.com\/company\/rovensanextmena\/","https:\/\/youtube.com\/@RovensaNextMENA","https:\/\/www.instagram.com\/rovensanextmena\/"]}]}},"_links":{"self":[{"href":"https:\/\/www.rovensanext-mena.com\/fr\/wp-json\/wp\/v2\/pages\/16635","targetHints":{"allow":["GET"]}}],"collection":[{"href":"https:\/\/www.rovensanext-mena.com\/fr\/wp-json\/wp\/v2\/pages"}],"about":[{"href":"https:\/\/www.rovensanext-mena.com\/fr\/wp-json\/wp\/v2\/types\/page"}],"author":[{"embeddable":true,"href":"https:\/\/www.rovensanext-mena.com\/fr\/wp-json\/wp\/v2\/users\/3"}],"replies":[{"embeddable":true,"href":"https:\/\/www.rovensanext-mena.com\/fr\/wp-json\/wp\/v2\/comments?post=16635"}],"version-history":[{"count":0,"href":"https:\/\/www.rovensanext-mena.com\/fr\/wp-json\/wp\/v2\/pages\/16635\/revisions"}],"wp:attachment":[{"href":"https:\/\/www.rovensanext-mena.com\/fr\/wp-json\/wp\/v2\/media?parent=16635"}],"wp:term":[{"taxonomy":"category","embeddable":true,"href":"https:\/\/www.rovensanext-mena.com\/fr\/wp-json\/wp\/v2\/categories?post=16635"},{"taxonomy":"post_tag","embeddable":true,"href":"https:\/\/www.rovensanext-mena.com\/fr\/wp-json\/wp\/v2\/tags?post=16635"}],"curies":[{"name":"wp","href":"https:\/\/api.w.org\/{rel}","templated":true}]}}